{"id":48,"date":"2024-01-17T20:26:52","date_gmt":"2024-01-17T19:26:52","guid":{"rendered":"https:\/\/jiujitsubresilienmulhouse68.fr\/?page_id=48"},"modified":"2024-01-18T10:51:27","modified_gmt":"2024-01-18T09:51:27","slug":"clubs-jiu-jitsu-bresilien","status":"publish","type":"page","link":"https:\/\/jiujitsubresilienmulhouse68.fr\/index.php\/clubs-jiu-jitsu-bresilien\/","title":{"rendered":"Clubs Jiu Jitsu Br\u00e9silien"},"content":{"rendered":"\n<p class=\"has-vivid-green-cyan-background-color has-background\"><strong>SCHMITZ FIGHTING TEAM KINGERSHEIM<\/strong>\u00a0\u00a0<em>(jiu jitsu Br\u00e9silien r\u00e9gion Mulhouse)<\/em><\/p>\n\n\n\n<p>Entra\u00eenements&nbsp; \u00e0 la salle polyvalente de Kingersheim ( 4 Rue Pierre Coubertin)<\/p>\n\n\n\n<p class=\"has-vivid-green-cyan-background-color has-background\"><strong>ARTS MARTIAUX DOJO FORM GUEBWILLER\u00a0<\/strong><\/p>\n\n\n\n<p>Entra\u00eenements \u00e0 Dojo Form Guebwiller (\u00a0 153 Rue Th\u00e9odore Deck)\u00a0<\/p>\n\n\n\n<p class=\"has-vivid-green-cyan-background-color has-background\"><strong>SCHMITZ FIGHTING TEAM BELFORT<\/strong><\/p>\n\n\n\n<p>Entra\u00eenements  au gymnase Bonnet \u2013 Rue Anouar El Sadate et <\/p>\n\n\n\n<p>Maison du peuple\u00a0 -1 Place de la R\u00e9sistance<\/p>\n","protected":false},"excerpt":{"rendered":"<p>SCHMITZ FIGHTING TEAM KINGERSHEIM\u00a0\u00a0(jiu jitsu Br\u00e9silien r\u00e9gion Mulhouse) Entra\u00eenements&nbsp; \u00e0 la salle polyvalente de Kingersheim ( 4 Rue Pierre Coubertin) ARTS MARTIAUX DOJO FORM GUEBWILLER\u00a0 Entra\u00eenements \u00e0 Dojo Form Guebwiller (\u00a0 153 Rue Th\u00e9odore Deck)\u00a0 SCHMITZ FIGHTING TEAM BELFORT Entra\u00eenements au gymnase Bonnet \u2013 Rue Anouar El Sadate et Maison du peuple\u00a0 -1 Place de [&hellip;]<\/p>\n","protected":false},"author":1,"featured_media":0,"parent":0,"menu_order":0,"comment_status":"closed","ping_status":"closed","template":"","meta":{"ocean_post_layout":"","ocean_both_sidebars_style":"","ocean_both_sidebars_content_width":0,"ocean_both_sidebars_sidebars_width":0,"ocean_sidebar":"","ocean_second_sidebar":"","ocean_disable_margins":"enable","ocean_add_body_class":"","ocean_shortcode_before_top_bar":"","ocean_shortcode_after_top_bar":"","ocean_shortcode_before_header":"","ocean_shortcode_after_header":"","ocean_has_shortcode":"","ocean_shortcode_after_title":"","ocean_shortcode_before_footer_widgets":"","ocean_shortcode_after_footer_widgets":"","ocean_shortcode_before_footer_bottom":"","ocean_shortcode_after_footer_bottom":"","ocean_display_top_bar":"default","ocean_display_header":"default","ocean_header_style":"","ocean_center_header_left_menu":"","ocean_custom_header_template":"","ocean_custom_logo":0,"ocean_custom_retina_logo":0,"ocean_custom_logo_max_width":0,"ocean_custom_logo_tablet_max_width":0,"ocean_custom_logo_mobile_max_width":0,"ocean_custom_logo_max_height":0,"ocean_custom_logo_tablet_max_height":0,"ocean_custom_logo_mobile_max_height":0,"ocean_header_custom_menu":"","ocean_menu_typo_font_family":"","ocean_menu_typo_font_subset":"","ocean_menu_typo_font_size":0,"ocean_menu_typo_font_size_tablet":0,"ocean_menu_typo_font_size_mobile":0,"ocean_menu_typo_font_size_unit":"px","ocean_menu_typo_font_weight":"","ocean_menu_typo_font_weight_tablet":"","ocean_menu_typo_font_weight_mobile":"","ocean_menu_typo_transform":"","ocean_menu_typo_transform_tablet":"","ocean_menu_typo_transform_mobile":"","ocean_menu_typo_line_height":0,"ocean_menu_typo_line_height_tablet":0,"ocean_menu_typo_line_height_mobile":0,"ocean_menu_typo_line_height_unit":"","ocean_menu_typo_spacing":0,"ocean_menu_typo_spacing_tablet":0,"ocean_menu_typo_spacing_mobile":0,"ocean_menu_typo_spacing_unit":"","ocean_menu_link_color":"","ocean_menu_link_color_hover":"","ocean_menu_link_color_active":"","ocean_menu_link_background":"","ocean_menu_link_hover_background":"","ocean_menu_link_active_background":"","ocean_menu_social_links_bg":"","ocean_menu_social_hover_links_bg":"","ocean_menu_social_links_color":"","ocean_menu_social_hover_links_color":"","ocean_disable_title":"default","ocean_disable_heading":"default","ocean_post_title":"","ocean_post_subheading":"","ocean_post_title_style":"","ocean_post_title_background_color":"","ocean_post_title_background":0,"ocean_post_title_bg_image_position":"","ocean_post_title_bg_image_attachment":"","ocean_post_title_bg_image_repeat":"","ocean_post_title_bg_image_size":"","ocean_post_title_height":0,"ocean_post_title_bg_overlay":0.5,"ocean_post_title_bg_overlay_color":"","ocean_disable_breadcrumbs":"default","ocean_breadcrumbs_color":"","ocean_breadcrumbs_separator_color":"","ocean_breadcrumbs_links_color":"","ocean_breadcrumbs_links_hover_color":"","ocean_display_footer_widgets":"default","ocean_display_footer_bottom":"default","ocean_custom_footer_template":"","footnotes":""},"class_list":["post-48","page","type-page","status-publish","hentry","entry"],"_links":{"self":[{"href":"https:\/\/jiujitsubresilienmulhouse68.fr\/index.php\/wp-json\/wp\/v2\/pages\/48","targetHints":{"allow":["GET"]}}],"collection":[{"href":"https:\/\/jiujitsubresilienmulhouse68.fr\/index.php\/wp-json\/wp\/v2\/pages"}],"about":[{"href":"https:\/\/jiujitsubresilienmulhouse68.fr\/index.php\/wp-json\/wp\/v2\/types\/page"}],"author":[{"embeddable":true,"href":"https:\/\/jiujitsubresilienmulhouse68.fr\/index.php\/wp-json\/wp\/v2\/users\/1"}],"replies":[{"embeddable":true,"href":"https:\/\/jiujitsubresilienmulhouse68.fr\/index.php\/wp-json\/wp\/v2\/comments?post=48"}],"version-history":[{"count":2,"href":"https:\/\/jiujitsubresilienmulhouse68.fr\/index.php\/wp-json\/wp\/v2\/pages\/48\/revisions"}],"predecessor-version":[{"id":102,"href":"https:\/\/jiujitsubresilienmulhouse68.fr\/index.php\/wp-json\/wp\/v2\/pages\/48\/revisions\/102"}],"wp:attachment":[{"href":"https:\/\/jiujitsubresilienmulhouse68.fr\/index.php\/wp-json\/wp\/v2\/media?parent=48"}],"curies":[{"name":"wp","href":"https:\/\/api.w.org\/{rel}","templated":true}]}}