{"id":46,"date":"2024-01-17T20:26:19","date_gmt":"2024-01-17T19:26:19","guid":{"rendered":"https:\/\/jiujitsubresilienmulhouse68.fr\/?page_id=46"},"modified":"2024-01-18T10:53:59","modified_gmt":"2024-01-18T09:53:59","slug":"reglement-interieur","status":"publish","type":"page","link":"https:\/\/jiujitsubresilienmulhouse68.fr\/index.php\/reglement-interieur\/","title":{"rendered":"R\u00e8glement int\u00e9rieur"},"content":{"rendered":"\n<p><\/p>\n\n\n\n<p>*Article 1&nbsp;Le club se compose d\u2019un comit\u00e9 de membres actifs ou passifs (sympathisants, donateur\u2026).&nbsp;<\/p>\n\n\n\n<p>*Article 2&nbsp;Le comit\u00e9 est \u00e9lu pour une olympiade (4 ans) en assembl\u00e9e g\u00e9n\u00e9rale. Il a un caract\u00e8re de direction. Il est form\u00e9 d\u2019un pr\u00e9sident, 1 ou 2 vice(s) pr\u00e9sident(s), un tr\u00e9sorier, une secr\u00e9taire, ainsi que des adjoints et assesseurs. Sont \u00e9lecteurs tous les membres de 16 ans et plus. Sont \u00e9ligibles tous les membres ayant au moins 18 ans. Dans les 2 cas, une pr\u00e9sence de 6 mois minimum au club sera exig\u00e9e.&nbsp;<\/p>\n\n\n\n<p>*Article 3&nbsp;Les adh\u00e9rents se doivent lors de chaque cours ou comp\u00e9tition, le respect mutuel ainsi que des r\u00e8gles propres \u00e0 chaque discipline pratiqu\u00e9e. La notori\u00e9t\u00e9 de notre club ne d\u00e9pend pas uniquement de la qualit\u00e9 des cours qui y sont dispens\u00e9s mais aussi, et cela est tr\u00e8s important, de l\u2019ambiance g\u00e9n\u00e9rale y r\u00e9gnant.&nbsp;<br>*Article 4&nbsp;Pour la pratique de chaque activit\u00e9 sportive un certificat m\u00e9dical sera exig\u00e9, de plus celui-ci sera renouvelable chaque ann\u00e9e.&nbsp;<\/p>\n\n\n\n<p>*Article 5&nbsp;Les cotisations ne peuvent en aucun cas \u00eatre rembours\u00e9es, par contre un abonnement peut \u00eatre diff\u00e9r\u00e9 en cas de grossesse ou de maladie de longue dur\u00e9e sur pr\u00e9sentation d\u2019un certificat m\u00e9dical.&nbsp;<\/p>\n\n\n\n<p>*Article 6&nbsp;Par respect pour les enseignants et les autres \u00e9l\u00e8ves, il n\u2019est pas souhaitable d\u2019arriver en retard aux cours.&nbsp;<\/p>\n\n\n\n<p>*Article 7Les parents des enfants sont responsables d\u2019eux jusqu\u2019\u00e0 l\u2019arriv\u00e9e de l\u2019entra\u00eeneur. Il est conseill\u00e9 d\u2019attendre l\u2019arriv\u00e9e d\u2019un responsable avant de les laisser et de venir les chercher tout de suite apr\u00e8s l\u2019entra\u00eenement. Suite aux divers probl\u00e8mes que nous avons eus l\u2019ann\u00e9e derni\u00e8re (au niveau de la salle) et pour une meilleure concentration des enfants il est demand\u00e9 aux parents de ne plus assister aux entra\u00eenements. Par respect pour les cours et pour ne pas perturber la concentration des enfants la pr\u00e9sence des parents au cours n\u2019est pas recommand\u00e9e sauf lors des passages de grades ou comp\u00e9titions. Les \u00e9l\u00e8ves doivent arriver en tenue de ville, le kimono ou do-boks \u00e9tant r\u00e9serv\u00e9 aux entra\u00eenements.<\/p>\n\n\n\n<p>*Article 8&nbsp;Durant les cours les \u00e9l\u00e8ves les moins grad\u00e9s doivent respect aux \u00e9l\u00e8ves les plus grad\u00e9s, les \u00e9l\u00e8ves les plus grad\u00e9s doivent aider dans leur progression les moins grad\u00e9s.&nbsp;<\/p>\n\n\n\n<p>*Article 9&nbsp;HYGIENE&nbsp;:<br>\u2013 1 Il est interdit de manger, de fumer dans les salles d\u2019entra\u00eenements et dans les vestiaires.<br>\u2013 2 Les tenues d\u2019arts martiaux (kimono-do boks) doivent \u00eatre propres \u00e0 chaque entra\u00eenement.<br>\u2013 3 Durant les cours il est interdit de porter&nbsp;: montres, bagues, bracelets, cha\u00eene, \u2026<br>\u2013 4 Des douches sont mises \u00e0 votre disposition, veuillez les laisser propres apr\u00e8s les avoir utilis\u00e9s (passer un coup de raclette).<br>\u2013&nbsp;&nbsp;5 Les ongles des mains et des pieds doivent \u00eatre courts et propres<br>\u2013&nbsp;&nbsp;6 Interdiction formelle de marcher avec des chaussures sur les tatamis.<\/p>\n\n\n\n<p>*Article 10&nbsp;Grades, comp\u00e9titions, stages&nbsp;:<br>\u2013&nbsp;&nbsp;1 Les adh\u00e9rents ont le droit de prendre part \u00e0 toutes les comp\u00e9titions (suivant leurs niveaux), m\u00eame \u00e0 celle organis\u00e9s par une autre f\u00e9d\u00e9ration, mais avec l\u2019autorisation du directeur sportif et de l&nbsp;\u2018entra\u00eeneur.<br>\u2013&nbsp;&nbsp;2 Il en est de m\u00eame pour les stages<br>\u2013&nbsp;&nbsp;3 Plusieurs passages de grades ont lieu chaque saison (le calendrier est disponible au club), de cette fa\u00e7on si l\u2019on est absent \u00e0 l\u2019un on peut rattraper \u00e0 une date ult\u00e9rieur. La participation aux stages et aux comp\u00e9titions permet d\u2019engranger des points suppl\u00e9mentaires pour les passages de grades.&nbsp;<\/p>\n\n\n\n<p><\/p>\n\n\n\n<p>&nbsp;IMPORTANT : Toute personne ayant adh\u00e9r\u00e9 au club se doit de respecter le r\u00e8glement int\u00e9rieur. Attention une suspension temporaire, voire d\u00e9finitive, peut intervenir envers un membre qui ne le respecterait pas ou entra\u00eenerait des probl\u00e8mes de discipline tant lors des cours qu\u2019\u00e0 l\u2019ext\u00e9rieur de nos salles d\u2019entra\u00eenements (il est inutile de vous rappeler que l\u2019usage abusif de vos comp\u00e9tences en arts martiaux est strictement interdit sur la voie publique sauf en cas de l\u00e9gitime d\u00e9fense.). Dans ce cas aucun remboursement ne sera effectu\u00e9. Nous restons ouverts \u00e0 toutes vos suggestions, qu\u2019elles soient verbales, \u00e9crites et nous vous souhaitons une excellente ann\u00e9e sportive.&nbsp;<\/p>\n","protected":false},"excerpt":{"rendered":"<p>*Article 1&nbsp;Le club se compose d\u2019un comit\u00e9 de membres actifs ou passifs (sympathisants, donateur\u2026).&nbsp; *Article 2&nbsp;Le comit\u00e9 est \u00e9lu pour une olympiade (4 ans) en assembl\u00e9e g\u00e9n\u00e9rale. Il a un caract\u00e8re de direction. Il est form\u00e9 d\u2019un pr\u00e9sident, 1 ou 2 vice(s) pr\u00e9sident(s), un tr\u00e9sorier, une secr\u00e9taire, ainsi que des adjoints et assesseurs. Sont \u00e9lecteurs [&hellip;]<\/p>\n","protected":false},"author":1,"featured_media":0,"parent":0,"menu_order":0,"comment_status":"closed","ping_status":"closed","template":"","meta":{"ocean_post_layout":"","ocean_both_sidebars_style":"","ocean_both_sidebars_content_width":0,"ocean_both_sidebars_sidebars_width":0,"ocean_sidebar":"","ocean_second_sidebar":"","ocean_disable_margins":"enable","ocean_add_body_class":"","ocean_shortcode_before_top_bar":"","ocean_shortcode_after_top_bar":"","ocean_shortcode_before_header":"","ocean_shortcode_after_header":"","ocean_has_shortcode":"","ocean_shortcode_after_title":"","ocean_shortcode_before_footer_widgets":"","ocean_shortcode_after_footer_widgets":"","ocean_shortcode_before_footer_bottom":"","ocean_shortcode_after_footer_bottom":"","ocean_display_top_bar":"default","ocean_display_header":"default","ocean_header_style":"","ocean_center_header_left_menu":"","ocean_custom_header_template":"","ocean_custom_logo":0,"ocean_custom_retina_logo":0,"ocean_custom_logo_max_width":0,"ocean_custom_logo_tablet_max_width":0,"ocean_custom_logo_mobile_max_width":0,"ocean_custom_logo_max_height":0,"ocean_custom_logo_tablet_max_height":0,"ocean_custom_logo_mobile_max_height":0,"ocean_header_custom_menu":"","ocean_menu_typo_font_family":"","ocean_menu_typo_font_subset":"","ocean_menu_typo_font_size":0,"ocean_menu_typo_font_size_tablet":0,"ocean_menu_typo_font_size_mobile":0,"ocean_menu_typo_font_size_unit":"px","ocean_menu_typo_font_weight":"","ocean_menu_typo_font_weight_tablet":"","ocean_menu_typo_font_weight_mobile":"","ocean_menu_typo_transform":"","ocean_menu_typo_transform_tablet":"","ocean_menu_typo_transform_mobile":"","ocean_menu_typo_line_height":0,"ocean_menu_typo_line_height_tablet":0,"ocean_menu_typo_line_height_mobile":0,"ocean_menu_typo_line_height_unit":"","ocean_menu_typo_spacing":0,"ocean_menu_typo_spacing_tablet":0,"ocean_menu_typo_spacing_mobile":0,"ocean_menu_typo_spacing_unit":"","ocean_menu_link_color":"","ocean_menu_link_color_hover":"","ocean_menu_link_color_active":"","ocean_menu_link_background":"","ocean_menu_link_hover_background":"","ocean_menu_link_active_background":"","ocean_menu_social_links_bg":"","ocean_menu_social_hover_links_bg":"","ocean_menu_social_links_color":"","ocean_menu_social_hover_links_color":"","ocean_disable_title":"default","ocean_disable_heading":"default","ocean_post_title":"","ocean_post_subheading":"","ocean_post_title_style":"","ocean_post_title_background_color":"","ocean_post_title_background":0,"ocean_post_title_bg_image_position":"","ocean_post_title_bg_image_attachment":"","ocean_post_title_bg_image_repeat":"","ocean_post_title_bg_image_size":"","ocean_post_title_height":0,"ocean_post_title_bg_overlay":0.5,"ocean_post_title_bg_overlay_color":"","ocean_disable_breadcrumbs":"default","ocean_breadcrumbs_color":"","ocean_breadcrumbs_separator_color":"","ocean_breadcrumbs_links_color":"","ocean_breadcrumbs_links_hover_color":"","ocean_display_footer_widgets":"default","ocean_display_footer_bottom":"default","ocean_custom_footer_template":"","footnotes":""},"class_list":["post-46","page","type-page","status-publish","hentry","entry"],"_links":{"self":[{"href":"https:\/\/jiujitsubresilienmulhouse68.fr\/index.php\/wp-json\/wp\/v2\/pages\/46","targetHints":{"allow":["GET"]}}],"collection":[{"href":"https:\/\/jiujitsubresilienmulhouse68.fr\/index.php\/wp-json\/wp\/v2\/pages"}],"about":[{"href":"https:\/\/jiujitsubresilienmulhouse68.fr\/index.php\/wp-json\/wp\/v2\/types\/page"}],"author":[{"embeddable":true,"href":"https:\/\/jiujitsubresilienmulhouse68.fr\/index.php\/wp-json\/wp\/v2\/users\/1"}],"replies":[{"embeddable":true,"href":"https:\/\/jiujitsubresilienmulhouse68.fr\/index.php\/wp-json\/wp\/v2\/comments?post=46"}],"version-history":[{"count":3,"href":"https:\/\/jiujitsubresilienmulhouse68.fr\/index.php\/wp-json\/wp\/v2\/pages\/46\/revisions"}],"predecessor-version":[{"id":104,"href":"https:\/\/jiujitsubresilienmulhouse68.fr\/index.php\/wp-json\/wp\/v2\/pages\/46\/revisions\/104"}],"wp:attachment":[{"href":"https:\/\/jiujitsubresilienmulhouse68.fr\/index.php\/wp-json\/wp\/v2\/media?parent=46"}],"curies":[{"name":"wp","href":"https:\/\/api.w.org\/{rel}","templated":true}]}}