{"id":44,"date":"2024-01-17T20:25:54","date_gmt":"2024-01-17T19:25:54","guid":{"rendered":"https:\/\/jiujitsubresilienmulhouse68.fr\/?page_id=44"},"modified":"2026-01-07T18:34:30","modified_gmt":"2026-01-07T17:34:30","slug":"contact","status":"publish","type":"page","link":"https:\/\/jiujitsubresilienmulhouse68.fr\/index.php\/contact\/","title":{"rendered":"Contact"},"content":{"rendered":"\n<p>Schmitz Figthing Team<\/p>\n\n\n\n<p>Secr\u00e9tariat : 153 rue Th\u00e9odore Deck 68500 Guebwiller<\/p>\n\n\n\n<p>T\u00e9l : 03.89.76.82.92<\/p>\n\n\n\n<p>Mail :  raphael.schmitz@yahoo.fr<\/p>\n\n\n\n<p>N\u2019h\u00e9sitez pas \u00e0 nous contacter pour toutes questions<\/p>\n\n\n<div class=\"wp-block-image\">\n<figure class=\"alignleft size-full is-resized\"><img loading=\"lazy\" decoding=\"async\" width=\"512\" height=\"512\" src=\"https:\/\/jiujitsubresilienmulhouse68.fr\/wp-content\/uploads\/2024\/01\/cropped-NEW-LOGO-PROTO-SHMITZ-TEAM.png\" alt=\"\" class=\"wp-image-8\" style=\"width:306px;height:auto\" srcset=\"https:\/\/jiujitsubresilienmulhouse68.fr\/wp-content\/uploads\/2024\/01\/cropped-NEW-LOGO-PROTO-SHMITZ-TEAM.png 512w, https:\/\/jiujitsubresilienmulhouse68.fr\/wp-content\/uploads\/2024\/01\/cropped-NEW-LOGO-PROTO-SHMITZ-TEAM-300x300.png 300w, https:\/\/jiujitsubresilienmulhouse68.fr\/wp-content\/uploads\/2024\/01\/cropped-NEW-LOGO-PROTO-SHMITZ-TEAM-150x150.png 150w, https:\/\/jiujitsubresilienmulhouse68.fr\/wp-content\/uploads\/2024\/01\/cropped-NEW-LOGO-PROTO-SHMITZ-TEAM-270x270.png 270w, https:\/\/jiujitsubresilienmulhouse68.fr\/wp-content\/uploads\/2024\/01\/cropped-NEW-LOGO-PROTO-SHMITZ-TEAM-192x192.png 192w, https:\/\/jiujitsubresilienmulhouse68.fr\/wp-content\/uploads\/2024\/01\/cropped-NEW-LOGO-PROTO-SHMITZ-TEAM-180x180.png 180w, https:\/\/jiujitsubresilienmulhouse68.fr\/wp-content\/uploads\/2024\/01\/cropped-NEW-LOGO-PROTO-SHMITZ-TEAM-32x32.png 32w\" sizes=\"auto, (max-width: 512px) 100vw, 512px\" \/><\/figure>\n<\/div>\n\n\n<p><\/p>\n\n\n\n<p><\/p>\n\n\n\n<p><\/p>\n\n\n\n<p><\/p>\n\n\n\n<p><\/p>\n\n\n\n<p><\/p>\n\n\n\n<p><\/p>\n\n\n\n<p><\/p>\n\n\n\n<p><\/p>\n\n\n\n<p><strong>12 Raisons de rejoindre Schmitz Fighting<\/strong><\/p>\n\n\n\n<p><strong>L<\/strong><strong>es entrainements ont lieu dans plusieurs dojos dans le Haut Rhin et en France Comt\u00e9.<\/strong><\/p>\n\n\n\n<ol class=\"wp-block-list\">\n<li><strong><u>Emplacements<\/u><\/strong><strong>\u00a0: <\/strong><\/li>\n<\/ol>\n\n\n\n<p><em>A Kingersheim<\/em>&nbsp;: juste \u00e0 c\u00f4t\u00e9 de Mulhouse les entra\u00eenements ont lieux dans la salle polyvalente de Kingersheim qui poss\u00e8de 2 dojos dans lesquels nous pouvons profiter de sac ou mannequin de frappe, paos\u2026<\/p>\n\n\n\n<p><em>A Guebwiller<\/em> <em>&#8211; Dojo Form<\/em>&nbsp;: &nbsp;salle d\u00e9di\u00e9 \u00e0 la pratique des arts martiaux pour tous d\u00e9butants ou comp\u00e9titeurs confirm\u00e9, il y a des sacs et mannequins de frappes, mannequin de lutte, punching ball, une box master (unique dans l\u2019Est),un ring de boxe, une cage de MMA, une salle de musculation et cardio, 1 sauna, un jacuzzi \u2026<\/p>\n\n\n\n<p><em>A Belfort<\/em>\u00a0: Cours qui se passent dans un dojo sur des tatamis adapt\u00e9s, et le samedi \u00a0dans une salle de boxe avec sac de frape, ring..<\/p>\n\n\n\n<ul class=\"wp-block-list\">\n<li><strong><u>Dix disciplines enseign\u00e9es<\/u><\/strong><strong>\u00a0:\u00a0 MMA \u2013 Jiu Jitsu Br\u00e9silien\u00a0 &#8211; Grappling \u2013Combat Complet \u2013 Sambo &#8211; Krav Maga &#8211;\u00a0 Combat D\u00e9fense \u2013 Martial Kids \u2013 Boxe Tha\u00ef \u2013 Nunchaku<\/strong><\/li>\n<\/ul>\n\n\n\n<p>Toutes ces disciplines sont dispens\u00e9es par des professeurs dipl\u00f4m\u00e9s et titr\u00e9s, cours pour enfants et adultes<\/p>\n\n\n\n<ul class=\"wp-block-list\">\n<li><strong><u>Coach<\/u><\/strong><strong>\u00a0:\u00a0 <\/strong>Tous les entra\u00eeneurs sont dipl\u00f4m\u00e9s et titr\u00e9s au niveau international, plusieurs professeurs sont titulaires du brevet d\u2019Etat ou du BPJEPS, et plusieurs sont champion d\u2019Europe ou du monde. Le directeur technique est multiple champion du monde.<\/li>\n\n\n\n<li><strong><u>Un forfait complet, \u00e9clectique, diversifi\u00e9 et efficace<\/u><\/strong><\/li>\n<\/ul>\n\n\n\n<p>Possibilit\u00e9 pour tous de faire un 2<sup>\u00e8me<\/sup> sport en rajoutant une petite cotisation en&nbsp; plus pour l\u2019ann\u00e9e et pour ceux qui prennent un forfait illimit\u00e9 possibilit\u00e9 de s\u2019entra\u00eener dans tous les sports et tous les clubs SFT (Schmitz Fighting team), seule la SFT offre cette possibilit\u00e9. Par semaines il y a 22 cours adultes et 22&nbsp; cours enfants.<\/p>\n\n\n\n<ul class=\"wp-block-list\">\n<li><strong><u>Acc\u00e8s \u00e0 la salle de musculation et au sauna<\/u><\/strong><strong>\u00a0:<\/strong><\/li>\n<\/ul>\n\n\n\n<p>Possibilit\u00e9 \u00e0 Kingersheim&nbsp; d\u2019avoir acc\u00e8s \u00e0 la petite salle de musculation de la salle polyvalente, et \u00e0 Guebwiller \u00e0 la salle athl\u00e9tique union lors des cr\u00e9neaux \u00ab&nbsp;entra\u00eenement libre&nbsp;\u00bb, le mercredi de 18h30 \u00e0 20h15 et samedi 10h00 \u00e0 12h00, possibilit\u00e9 d\u2019avoir une r\u00e9duction chez notre partenaire all in fitness -25% sur l\u2019abonnement illimit\u00e9 musculation, ainsi qu\u2019un tarif r\u00e9duit sur la cryoth\u00e9rapie.<\/p>\n\n\n\n<ul class=\"wp-block-list\">\n<li><strong><u>Stages exclusifs\u00a0:<\/u><\/strong><\/li>\n<\/ul>\n\n\n\n<p>Chaque ann\u00e9e le club fait venir de grands champions mondiaux pour des stages de perfectionnements&nbsp;: nous avons notamment eu le plaisir d\u2019avoir parmi nous&nbsp;:<\/p>\n\n\n\n<p><strong>Roger Gracie<\/strong> 10 fois champion du monde de jiujitsu Br\u00e9silien, combattant MMA.<\/p>\n\n\n\n<p><strong>Claudia Do Val<\/strong> plusieurs fois championne du monde de jiu jitsu Br\u00e9silien, num\u00e9ro une mondiale.<\/p>\n\n\n\n<p><strong>Val\u00e9rie Henin<\/strong> championne du monde de kick boxing.<\/p>\n\n\n\n<p><strong>Cyborg Abreu<\/strong> &nbsp;champion du monde de jiu jitsu Br\u00e9silien et grappling<\/p>\n\n\n\n<p><strong>Andr\u00e9 Panza<\/strong>&nbsp; champion du monde de kick boxing<\/p>\n\n\n\n<p><strong>Steve Valente<\/strong> champion du monde de Boxe Tha\u00ef<\/p>\n\n\n\n<p><strong>Mickael Haselein<\/strong> champion du monde master de jiu jitsu Br\u00e9silien<\/p>\n\n\n\n<p><strong>Ricardo De La Riva<\/strong> champion de jiu jitsu Br\u00e9silien, expert international<\/p>\n\n\n\n<p><strong>Carlson Gracie juniors <\/strong>champion de jiu jitsu Br\u00e9silien<\/p>\n\n\n\n<p><strong>Maitre Bindel Jean Paul <\/strong>, expert en self defense<\/p>\n\n\n\n<p><strong>Tiago Gadelha<\/strong> Vainqueur de plusieurs tournois de jiu jitsu Br\u00e9silien au Br\u00e9sil et en Angleterre<\/p>\n\n\n\n<p><strong>Yan Cabral<\/strong>&nbsp; champion du monde de jiu jitsu Br\u00e9silien et combattant MMA<\/p>\n\n\n\n<p><strong>Les Br\u00e9siliens Flavio Peroba, Leonidas Gondim, l\u2019Allemand Alexander Frank expert Krav Maga (RSC)\u2026<\/strong><\/p>\n\n\n\n<ul class=\"wp-block-list\">\n<li><strong><u>Comp\u00e9titions\u00a0:<\/u><\/strong><\/li>\n<\/ul>\n\n\n\n<p>Nous sommes affili\u00e9s \u00e0 plusieurs f\u00e9d\u00e9rations, ce qui nous permet de faire de nombreuses comp\u00e9titions au niveau national et international. Le club dispose d\u2019un v\u00e9hicule 9 places permettant d\u2019emmener une \u00e9quipe en comp\u00e9tition.<\/p>\n\n\n\n<ul class=\"wp-block-list\">\n<li><strong><u>Site\u00a0:\u00a0<\/u><\/strong><\/li>\n<\/ul>\n\n\n\n<p>Le club dispose de plusieurs sites internet ou l\u2019on peut voir des infos pratiques, programmes des grades et techniques \u2026<\/p>\n\n\n\n<ul class=\"wp-block-list\">\n<li><strong><u>Exp\u00e9rience des coachs\u00a0:<\/u><\/strong><\/li>\n<\/ul>\n\n\n\n<p>Plusieurs coachs du club ont fait de nombreuses comp\u00e9tions et de nombreux stages de perfectionnement notamment en Tha\u00eflande, au Br\u00e9sil &#8230; &nbsp;de ce fait les combattants sont donc bien pr\u00e9par\u00e9s aux diverses comp\u00e9titions.<\/p>\n\n\n\n<ol class=\"wp-block-list\">\n<li><strong><u>Ambiance au top\u00a0:<\/u><\/strong><\/li>\n<\/ol>\n\n\n\n<p>L\u2019ambiance au club est tr\u00e8s bonne, nous travaillons toujours dans la bonne humeur&nbsp; et avec de l\u2019entraide. Tous les champions qui sont venus dans notre club nous ont dit qu\u2019il y avait une tr\u00e8s bonne ambiance et un bon esprit tourn\u00e9 vers l\u2019am\u00e9lioration de tous.<\/p>\n\n\n\n<ol class=\"wp-block-list\">\n<li><strong><u>Enfants\u00a0:\u00a0<\/u><\/strong><\/li>\n<\/ol>\n\n\n\n<p>Il y a des cours enfants pour les plus de&nbsp; 3 ans \u00e0 6 ans, une section 6 \u00e0 10 ans et&nbsp; 10 \u00e0 15 ans avec deux passages de grade&nbsp; par an, des stages ponctuels pendant les vacances.<\/p>\n\n\n\n<ol class=\"wp-block-list\">\n<li><strong><u>\u00a0Club de champions\u00a0: <\/u><\/strong><\/li>\n<\/ol>\n\n\n\n<p>De nombreux champions ont \u00e9t\u00e9s form\u00e9s au club, toutes disciplines confondues nous avons obtenus&nbsp;:<\/p>\n\n\n\n<ul class=\"wp-block-list\">\n<li>Plus de 40 titres de Champion du monde<\/li>\n\n\n\n<li>M\u00e9dailles aux championnats du monde<\/li>\n\n\n\n<li>Plus de\u00a0 20 titres de Champions d\u2019Europe<\/li>\n\n\n\n<li>Plus de\u00a0 40 titres de Champions de France<\/li>\n\n\n\n<li>M\u00e9dailles aux championnats de France<\/li>\n\n\n\n<li>Plus de\u00a0 120 M\u00e9daill\u00e9s lors des tournois internationaux<\/li>\n<\/ul>\n\n\n\n<p>Seul club de la r\u00e9gion du Grand Est \u00e0 avoir 4 ceintures noires de jiu jitsu Br\u00e9silien en activit\u00e9 au sein du club.<\/p>\n\n\n\n<p><\/p>\n","protected":false},"excerpt":{"rendered":"<p>Schmitz Figthing Team Secr\u00e9tariat : 153 rue Th\u00e9odore Deck 68500 Guebwiller T\u00e9l : 03.89.76.82.92 Mail : raphael.schmitz@yahoo.fr N\u2019h\u00e9sitez pas \u00e0 nous contacter pour toutes questions 12 Raisons de rejoindre Schmitz Fighting Les entrainements ont lieu dans plusieurs dojos dans le Haut Rhin et en France Comt\u00e9. A Kingersheim&nbsp;: juste \u00e0 c\u00f4t\u00e9 de Mulhouse les entra\u00eenements [&hellip;]<\/p>\n","protected":false},"author":1,"featured_media":0,"parent":0,"menu_order":0,"comment_status":"closed","ping_status":"closed","template":"","meta":{"ocean_post_layout":"","ocean_both_sidebars_style":"","ocean_both_sidebars_content_width":0,"ocean_both_sidebars_sidebars_width":0,"ocean_sidebar":"","ocean_second_sidebar":"","ocean_disable_margins":"enable","ocean_add_body_class":"","ocean_shortcode_before_top_bar":"","ocean_shortcode_after_top_bar":"","ocean_shortcode_before_header":"","ocean_shortcode_after_header":"","ocean_has_shortcode":"","ocean_shortcode_after_title":"","ocean_shortcode_before_footer_widgets":"","ocean_shortcode_after_footer_widgets":"","ocean_shortcode_before_footer_bottom":"","ocean_shortcode_after_footer_bottom":"","ocean_display_top_bar":"default","ocean_display_header":"default","ocean_header_style":"","ocean_center_header_left_menu":"","ocean_custom_header_template":"","ocean_custom_logo":0,"ocean_custom_retina_logo":0,"ocean_custom_logo_max_width":0,"ocean_custom_logo_tablet_max_width":0,"ocean_custom_logo_mobile_max_width":0,"ocean_custom_logo_max_height":0,"ocean_custom_logo_tablet_max_height":0,"ocean_custom_logo_mobile_max_height":0,"ocean_header_custom_menu":"","ocean_menu_typo_font_family":"","ocean_menu_typo_font_subset":"","ocean_menu_typo_font_size":0,"ocean_menu_typo_font_size_tablet":0,"ocean_menu_typo_font_size_mobile":0,"ocean_menu_typo_font_size_unit":"px","ocean_menu_typo_font_weight":"","ocean_menu_typo_font_weight_tablet":"","ocean_menu_typo_font_weight_mobile":"","ocean_menu_typo_transform":"","ocean_menu_typo_transform_tablet":"","ocean_menu_typo_transform_mobile":"","ocean_menu_typo_line_height":0,"ocean_menu_typo_line_height_tablet":0,"ocean_menu_typo_line_height_mobile":0,"ocean_menu_typo_line_height_unit":"","ocean_menu_typo_spacing":0,"ocean_menu_typo_spacing_tablet":0,"ocean_menu_typo_spacing_mobile":0,"ocean_menu_typo_spacing_unit":"","ocean_menu_link_color":"","ocean_menu_link_color_hover":"","ocean_menu_link_color_active":"","ocean_menu_link_background":"","ocean_menu_link_hover_background":"","ocean_menu_link_active_background":"","ocean_menu_social_links_bg":"","ocean_menu_social_hover_links_bg":"","ocean_menu_social_links_color":"","ocean_menu_social_hover_links_color":"","ocean_disable_title":"default","ocean_disable_heading":"default","ocean_post_title":"","ocean_post_subheading":"","ocean_post_title_style":"","ocean_post_title_background_color":"","ocean_post_title_background":0,"ocean_post_title_bg_image_position":"","ocean_post_title_bg_image_attachment":"","ocean_post_title_bg_image_repeat":"","ocean_post_title_bg_image_size":"","ocean_post_title_height":0,"ocean_post_title_bg_overlay":0.5,"ocean_post_title_bg_overlay_color":"","ocean_disable_breadcrumbs":"default","ocean_breadcrumbs_color":"","ocean_breadcrumbs_separator_color":"","ocean_breadcrumbs_links_color":"","ocean_breadcrumbs_links_hover_color":"","ocean_display_footer_widgets":"default","ocean_display_footer_bottom":"default","ocean_custom_footer_template":"","footnotes":""},"class_list":["post-44","page","type-page","status-publish","hentry","entry"],"_links":{"self":[{"href":"https:\/\/jiujitsubresilienmulhouse68.fr\/index.php\/wp-json\/wp\/v2\/pages\/44","targetHints":{"allow":["GET"]}}],"collection":[{"href":"https:\/\/jiujitsubresilienmulhouse68.fr\/index.php\/wp-json\/wp\/v2\/pages"}],"about":[{"href":"https:\/\/jiujitsubresilienmulhouse68.fr\/index.php\/wp-json\/wp\/v2\/types\/page"}],"author":[{"embeddable":true,"href":"https:\/\/jiujitsubresilienmulhouse68.fr\/index.php\/wp-json\/wp\/v2\/users\/1"}],"replies":[{"embeddable":true,"href":"https:\/\/jiujitsubresilienmulhouse68.fr\/index.php\/wp-json\/wp\/v2\/comments?post=44"}],"version-history":[{"count":6,"href":"https:\/\/jiujitsubresilienmulhouse68.fr\/index.php\/wp-json\/wp\/v2\/pages\/44\/revisions"}],"predecessor-version":[{"id":577,"href":"https:\/\/jiujitsubresilienmulhouse68.fr\/index.php\/wp-json\/wp\/v2\/pages\/44\/revisions\/577"}],"wp:attachment":[{"href":"https:\/\/jiujitsubresilienmulhouse68.fr\/index.php\/wp-json\/wp\/v2\/media?parent=44"}],"curies":[{"name":"wp","href":"https:\/\/api.w.org\/{rel}","templated":true}]}}