{"id":40,"date":"2024-01-17T20:25:21","date_gmt":"2024-01-17T19:25:21","guid":{"rendered":"https:\/\/jiujitsubresilienmulhouse68.fr\/?page_id=40"},"modified":"2025-09-05T10:01:17","modified_gmt":"2025-09-05T08:01:17","slug":"videos","status":"publish","type":"page","link":"https:\/\/jiujitsubresilienmulhouse68.fr\/index.php\/videos\/","title":{"rendered":"Vid\u00e9os"},"content":{"rendered":"\n<figure class=\"wp-block-embed is-type-video is-provider-youtube wp-block-embed-youtube wp-embed-aspect-16-9 wp-has-aspect-ratio\"><div class=\"wp-block-embed__wrapper\">\n<p class=\"responsive-video-wrap clr\"><iframe loading=\"lazy\" title=\"Grade Raphael Schmitz 2025\" width=\"563\" height=\"1000\" src=\"https:\/\/www.youtube.com\/embed\/eXp0hWj3SXQ?feature=oembed\" frameborder=\"0\" allow=\"accelerometer; autoplay; clipboard-write; encrypted-media; gyroscope; picture-in-picture; web-share\" referrerpolicy=\"strict-origin-when-cross-origin\" allowfullscreen><\/iframe><\/p>\n<\/div><\/figure>\n\n\n\n<p>Remise de grade \u00e0 Raphael Schmitz de la ceinture noire 5\u00e8me degr\u00e9 par Ricardo de la Riva <\/p>\n\n\n\n<figure class=\"wp-block-video\"><video height=\"1080\" style=\"aspect-ratio: 1920 \/ 1080;\" width=\"1920\" controls src=\"https:\/\/jiujitsubresilienmulhouse68.fr\/wp-content\/uploads\/2025\/04\/stage-Gracie-2025-1.mp4\"><\/video><\/figure>\n\n\n\n<p>Stage avec Carlson Gracie Junior \u00e0 Guebwiller<\/p>\n\n\n\n<figure class=\"wp-block-video\"><video height=\"1080\" style=\"aspect-ratio: 1920 \/ 1080;\" width=\"1920\" controls src=\"https:\/\/jiujitsubresilienmulhouse68.fr\/wp-content\/uploads\/2024\/04\/technique-jiu-jitsu-brazilian-club-mulhouse-guebwiller-kingersheim.mov\"><\/video><\/figure>\n\n\n\n<p>Technique jiu jitsu Br\u00e9silien <\/p>\n\n\n\n<figure class=\"wp-block-video\"><video height=\"1080\" style=\"aspect-ratio: 1920 \/ 1080;\" width=\"1920\" controls src=\"https:\/\/jiujitsubresilienmulhouse68.fr\/wp-content\/uploads\/2024\/04\/technique-jiu-jitsu-bresilien-68-mulhouse.mov\"><\/video><\/figure>\n\n\n\n<p>Technique jiu jitsu Br\u00e9silien <\/p>\n\n\n\n<figure class=\"wp-block-video\"><video height=\"1080\" style=\"aspect-ratio: 1920 \/ 1080;\" width=\"1920\" controls src=\"https:\/\/jiujitsubresilienmulhouse68.fr\/wp-content\/uploads\/2024\/04\/Mon-film-24-1.mov\"><\/video><\/figure>\n\n\n\n<p>Technique Jiu Jitsu Br\u00e9silien <\/p>\n\n\n\n<figure class=\"wp-block-video\"><video height=\"480\" style=\"aspect-ratio: 848 \/ 480;\" width=\"848\" controls src=\"https:\/\/jiujitsubresilienmulhouse68.fr\/wp-content\/uploads\/2024\/02\/demi-final-Bresil.mov\"><\/video><\/figure>\n\n\n\n<p>Raphael Schmitz \u2013 Demie \u2013 finale mondiaux Jiu Jitsu Br\u00e9silien \u00e0 Sao Paulo<\/p>\n\n\n\n<figure class=\"wp-block-embed is-type-video is-provider-youtube wp-block-embed-youtube wp-embed-aspect-16-9 wp-has-aspect-ratio\"><div class=\"wp-block-embed__wrapper\">\n<p class=\"responsive-video-wrap clr\"><iframe loading=\"lazy\" title=\"D\u00e9monstration  Schmitz team\" width=\"1200\" height=\"675\" src=\"https:\/\/www.youtube.com\/embed\/co0mPjuKR3c?feature=oembed\" frameborder=\"0\" allow=\"accelerometer; autoplay; clipboard-write; encrypted-media; gyroscope; picture-in-picture; web-share\" referrerpolicy=\"strict-origin-when-cross-origin\" allowfullscreen><\/iframe><\/p>\n<\/div><\/figure>\n\n\n\n<p>Spectacle de l&#8217;\u00e9quipe d\u00e9monstration SCHMITZ TEAM<\/p>\n","protected":false},"excerpt":{"rendered":"<p>Remise de grade \u00e0 Raphael Schmitz de la ceinture noire 5\u00e8me degr\u00e9 par Ricardo de la Riva Stage avec Carlson Gracie Junior \u00e0 Guebwiller Technique jiu jitsu Br\u00e9silien Technique jiu jitsu Br\u00e9silien Technique Jiu Jitsu Br\u00e9silien Raphael Schmitz \u2013 Demie \u2013 finale mondiaux Jiu Jitsu Br\u00e9silien \u00e0 Sao Paulo Spectacle de l&#8217;\u00e9quipe d\u00e9monstration SCHMITZ TEAM<\/p>\n","protected":false},"author":1,"featured_media":0,"parent":0,"menu_order":0,"comment_status":"closed","ping_status":"closed","template":"","meta":{"ocean_post_layout":"","ocean_both_sidebars_style":"","ocean_both_sidebars_content_width":0,"ocean_both_sidebars_sidebars_width":0,"ocean_sidebar":"","ocean_second_sidebar":"","ocean_disable_margins":"enable","ocean_add_body_class":"","ocean_shortcode_before_top_bar":"","ocean_shortcode_after_top_bar":"","ocean_shortcode_before_header":"","ocean_shortcode_after_header":"","ocean_has_shortcode":"","ocean_shortcode_after_title":"","ocean_shortcode_before_footer_widgets":"","ocean_shortcode_after_footer_widgets":"","ocean_shortcode_before_footer_bottom":"","ocean_shortcode_after_footer_bottom":"","ocean_display_top_bar":"default","ocean_display_header":"default","ocean_header_style":"","ocean_center_header_left_menu":"","ocean_custom_header_template":"","ocean_custom_logo":0,"ocean_custom_retina_logo":0,"ocean_custom_logo_max_width":0,"ocean_custom_logo_tablet_max_width":0,"ocean_custom_logo_mobile_max_width":0,"ocean_custom_logo_max_height":0,"ocean_custom_logo_tablet_max_height":0,"ocean_custom_logo_mobile_max_height":0,"ocean_header_custom_menu":"","ocean_menu_typo_font_family":"","ocean_menu_typo_font_subset":"","ocean_menu_typo_font_size":0,"ocean_menu_typo_font_size_tablet":0,"ocean_menu_typo_font_size_mobile":0,"ocean_menu_typo_font_size_unit":"px","ocean_menu_typo_font_weight":"","ocean_menu_typo_font_weight_tablet":"","ocean_menu_typo_font_weight_mobile":"","ocean_menu_typo_transform":"","ocean_menu_typo_transform_tablet":"","ocean_menu_typo_transform_mobile":"","ocean_menu_typo_line_height":0,"ocean_menu_typo_line_height_tablet":0,"ocean_menu_typo_line_height_mobile":0,"ocean_menu_typo_line_height_unit":"","ocean_menu_typo_spacing":0,"ocean_menu_typo_spacing_tablet":0,"ocean_menu_typo_spacing_mobile":0,"ocean_menu_typo_spacing_unit":"","ocean_menu_link_color":"","ocean_menu_link_color_hover":"","ocean_menu_link_color_active":"","ocean_menu_link_background":"","ocean_menu_link_hover_background":"","ocean_menu_link_active_background":"","ocean_menu_social_links_bg":"","ocean_menu_social_hover_links_bg":"","ocean_menu_social_links_color":"","ocean_menu_social_hover_links_color":"","ocean_disable_title":"default","ocean_disable_heading":"default","ocean_post_title":"","ocean_post_subheading":"","ocean_post_title_style":"","ocean_post_title_background_color":"","ocean_post_title_background":0,"ocean_post_title_bg_image_position":"","ocean_post_title_bg_image_attachment":"","ocean_post_title_bg_image_repeat":"","ocean_post_title_bg_image_size":"","ocean_post_title_height":0,"ocean_post_title_bg_overlay":0.5,"ocean_post_title_bg_overlay_color":"","ocean_disable_breadcrumbs":"default","ocean_breadcrumbs_color":"","ocean_breadcrumbs_separator_color":"","ocean_breadcrumbs_links_color":"","ocean_breadcrumbs_links_hover_color":"","ocean_display_footer_widgets":"default","ocean_display_footer_bottom":"default","ocean_custom_footer_template":"","footnotes":""},"class_list":["post-40","page","type-page","status-publish","hentry","entry"],"_links":{"self":[{"href":"https:\/\/jiujitsubresilienmulhouse68.fr\/index.php\/wp-json\/wp\/v2\/pages\/40","targetHints":{"allow":["GET"]}}],"collection":[{"href":"https:\/\/jiujitsubresilienmulhouse68.fr\/index.php\/wp-json\/wp\/v2\/pages"}],"about":[{"href":"https:\/\/jiujitsubresilienmulhouse68.fr\/index.php\/wp-json\/wp\/v2\/types\/page"}],"author":[{"embeddable":true,"href":"https:\/\/jiujitsubresilienmulhouse68.fr\/index.php\/wp-json\/wp\/v2\/users\/1"}],"replies":[{"embeddable":true,"href":"https:\/\/jiujitsubresilienmulhouse68.fr\/index.php\/wp-json\/wp\/v2\/comments?post=40"}],"version-history":[{"count":11,"href":"https:\/\/jiujitsubresilienmulhouse68.fr\/index.php\/wp-json\/wp\/v2\/pages\/40\/revisions"}],"predecessor-version":[{"id":562,"href":"https:\/\/jiujitsubresilienmulhouse68.fr\/index.php\/wp-json\/wp\/v2\/pages\/40\/revisions\/562"}],"wp:attachment":[{"href":"https:\/\/jiujitsubresilienmulhouse68.fr\/index.php\/wp-json\/wp\/v2\/media?parent=40"}],"curies":[{"name":"wp","href":"https:\/\/api.w.org\/{rel}","templated":true}]}}