{"id":23,"date":"2024-01-17T20:22:05","date_gmt":"2024-01-17T19:22:05","guid":{"rendered":"https:\/\/jiujitsubresilienmulhouse68.fr\/?page_id=23"},"modified":"2026-01-06T11:50:19","modified_gmt":"2026-01-06T10:50:19","slug":"entraineurs","status":"publish","type":"page","link":"https:\/\/jiujitsubresilienmulhouse68.fr\/index.php\/entraineurs\/","title":{"rendered":"Entra\u00eeneurs"},"content":{"rendered":"\n<p><strong><u>Directeur Technique du Club&nbsp;<\/u>: Rapha\u00ebl SCHMITZ<\/strong><\/p>\n\n\n\n<figure class=\"wp-block-image size-large is-resized\"><img loading=\"lazy\" decoding=\"async\" width=\"768\" height=\"1024\" src=\"https:\/\/jiujitsubresilienmulhouse68.fr\/wp-content\/uploads\/2026\/01\/IMG_5172-768x1024.jpg\" alt=\"\" class=\"wp-image-574\" style=\"width:160px;height:auto\" srcset=\"https:\/\/jiujitsubresilienmulhouse68.fr\/wp-content\/uploads\/2026\/01\/IMG_5172-768x1024.jpg 768w, https:\/\/jiujitsubresilienmulhouse68.fr\/wp-content\/uploads\/2026\/01\/IMG_5172-225x300.jpg 225w, https:\/\/jiujitsubresilienmulhouse68.fr\/wp-content\/uploads\/2026\/01\/IMG_5172-1152x1536.jpg 1152w, https:\/\/jiujitsubresilienmulhouse68.fr\/wp-content\/uploads\/2026\/01\/IMG_5172-1536x2048.jpg 1536w, https:\/\/jiujitsubresilienmulhouse68.fr\/wp-content\/uploads\/2026\/01\/IMG_5172-scaled.jpg 1920w\" sizes=\"auto, (max-width: 768px) 100vw, 768px\" \/><\/figure>\n\n\n\n<p>Titulaire des Brevets d\u2019Etat de judo, Tae Kwon Do et aide moniteur de sport.<\/p>\n\n\n\n<p>Ceinture noire de Judo 5<sup>\u00e8<\/sup>&nbsp;Dan,&nbsp; en Sambo 6\u00e8me degr\u00e9, de Nunchaku 8<sup>\u00e8<\/sup>&nbsp;Dan, Combat Complet 8<sup>\u00e8me<\/sup>&nbsp;dan, de Tae Kwon Do 2\u00e8me dan et jiu jitsu br\u00e9silien 5\u00e8me dan ( sous De La Riva), ceinture noire 3<sup>\u00e8me<\/sup>&nbsp;dan krav maga ( RSC). 3<sup>\u00e8me<\/sup>&nbsp;degr\u00e9 sambo systema, 3 fois champion du monde de Combat Complet, 8 fois Champion du monde de Jiu Jitsu br\u00e9silien (masters, Rio, Las Vegas , Sao Paulo : 4 fois IBJJF et 3 fois CBJJE), vice champion du monde en Absolute ( IBJJF), vice  champion du monde en jiu jitsu Br\u00e9silien ( ceinture noire master 6 &#8211; CBJJE), medaille de bronze au championnat du monde de jiu jitsu Br\u00e9silien de Las Vegas, champion du monde de Kempo soumission, 4 fois vainqueur du NAGA Allemagne (grappling). 13 fois champion d\u2019Europe de jiu jitsu Br\u00e9silien (IBJJF). 23 fois Champion du Monde de Nunchaku, Champion de France de Judo (FNSU), m\u00e9daill\u00e9 aux championnats d\u2019Europe et aux championnats du monde masters de judo, 21 fois Champion de France de Sambo, Champion du Monde de Sambo sportif (&nbsp;<strong>Masters<\/strong>&nbsp;\u201368kg), champion du monde de kombat sambo. Vainqueur de la coupe de France de Lutte Contact, finaliste du Golden Trophy. Vice champion du monde de karate kyokushinkai ( WIBK en master). Plusieurs fois vainqueur du NAGA (GI &#8211; NOGI), vainqueur du World Master Games ( en jiu jitsu Br\u00e9silien)<\/p>\n\n\n\n<p>Autres entra\u00eeneurs&nbsp;( tous les professeurs sont dipl\u00f4m\u00e9s)&nbsp;:<\/p>\n\n\n\n<p><strong>David MEYER<\/strong>&nbsp;: Ceinture noire de combat complet 3\u00e8me dan, ceinture noire de jiu jitsu Br\u00e9silien. Entra\u00eeneur&nbsp; de&nbsp; boxe Tha\u00ef, champion de France FSGT de sambo,&nbsp; champion d\u2019Europe de jiu jitsu Br\u00e9silien, 1er \u00e0 la coupe de France de&nbsp; lutte contact et&nbsp; champion du monde de combat complet (2019), vainqueur NAGA d\u2019Allemagne en jiu jitsu Br\u00e9silien.<\/p>\n\n\n\n<p><strong>Samboun VANNARA<\/strong>&nbsp;: Ceinture noire 4 \u00e8me dan en nunchaku,&nbsp; champion du monde de nunchaku jitsu, champion de France FSGT de Boxe Tha\u00eflandaise, 1<sup>er<\/sup>&nbsp;au World Arts Martial Games de Gen\u00e8ve ( boxe Tha\u00ef)<\/p>\n\n\n\n<p><strong>Abdel ZERAZA<\/strong>&nbsp;: Plusieurs fois champion de France&nbsp; FSGT en jiu Jjitsu Br\u00e9silien et grappling, champion d\u2019Europe de&nbsp; jiu jitsu Br\u00e9silien, champion d\u2019Europe de&nbsp; combat jiu jitsu , 1er&nbsp; de l\u2019open de France de combat complet, 3\u00e8me au championnat du monde de combat complet, ceinture noire 3\u00e8me dan de combat complet et ceinture noire&nbsp; de jiu jitsu Br\u00e9silien.1<sup>er<\/sup>&nbsp;au Wolrd Arts Martial Games de Gen\u00e8ve<\/p>\n\n\n\n<p><strong>Jean Mary&nbsp; JACKONO&nbsp;<\/strong>: Double champion de France FSGT de Jiu Jitsu Br\u00e9silien, ceinture noire 2<sup>\u00e8me<\/sup>&nbsp;dan de combat d\u00e9fense, ceinture noire krav maga (RSC), 2 fois m\u00e9daill\u00e9 au championnat d\u2019Europe de jiu jitsu Br\u00e9silien (masters), champion d\u2019Europe de jiu jitsu Br\u00e9silien ( master).<\/p>\n\n\n\n<p><\/p>\n\n\n\n<p><strong>Said MHAMIL : <\/strong><\/p>\n\n\n\n<p>Ceinture noire de <strong>jiu jitsu Br\u00e9silien<\/strong>, Champion d\u2019Europe de <strong>jiu jitsu br\u00e9silien<\/strong> en master, Vice champion d\u2019Europe en <strong>absolute<\/strong><\/p>\n\n\n\n<p><\/p>\n\n\n\n<p>Professeurs \u00e0 Belfort : <strong>Mimoun Chikhi, Murat Topuz, Julien Romer (<\/strong>m\u00e9daill\u00e9 d&#8217;or aux championnat d&#8217;Europe EJIU en grappling)<strong>.<\/strong><\/p>\n\n\n\n<p><\/p>\n","protected":false},"excerpt":{"rendered":"<p>Directeur Technique du Club&nbsp;: Rapha\u00ebl SCHMITZ Titulaire des Brevets d\u2019Etat de judo, Tae Kwon Do et aide moniteur de sport. Ceinture noire de Judo 5\u00e8&nbsp;Dan,&nbsp; en Sambo 6\u00e8me degr\u00e9, de Nunchaku 8\u00e8&nbsp;Dan, Combat Complet 8\u00e8me&nbsp;dan, de Tae Kwon Do 2\u00e8me dan et jiu jitsu br\u00e9silien 5\u00e8me dan ( sous De La Riva), ceinture noire 3\u00e8me&nbsp;dan [&hellip;]<\/p>\n","protected":false},"author":1,"featured_media":0,"parent":0,"menu_order":0,"comment_status":"closed","ping_status":"closed","template":"","meta":{"ocean_post_layout":"","ocean_both_sidebars_style":"","ocean_both_sidebars_content_width":0,"ocean_both_sidebars_sidebars_width":0,"ocean_sidebar":"","ocean_second_sidebar":"","ocean_disable_margins":"enable","ocean_add_body_class":"","ocean_shortcode_before_top_bar":"","ocean_shortcode_after_top_bar":"","ocean_shortcode_before_header":"","ocean_shortcode_after_header":"","ocean_has_shortcode":"","ocean_shortcode_after_title":"","ocean_shortcode_before_footer_widgets":"","ocean_shortcode_after_footer_widgets":"","ocean_shortcode_before_footer_bottom":"","ocean_shortcode_after_footer_bottom":"","ocean_display_top_bar":"default","ocean_display_header":"default","ocean_header_style":"","ocean_center_header_left_menu":"","ocean_custom_header_template":"","ocean_custom_logo":0,"ocean_custom_retina_logo":0,"ocean_custom_logo_max_width":0,"ocean_custom_logo_tablet_max_width":0,"ocean_custom_logo_mobile_max_width":0,"ocean_custom_logo_max_height":0,"ocean_custom_logo_tablet_max_height":0,"ocean_custom_logo_mobile_max_height":0,"ocean_header_custom_menu":"","ocean_menu_typo_font_family":"","ocean_menu_typo_font_subset":"","ocean_menu_typo_font_size":0,"ocean_menu_typo_font_size_tablet":0,"ocean_menu_typo_font_size_mobile":0,"ocean_menu_typo_font_size_unit":"px","ocean_menu_typo_font_weight":"","ocean_menu_typo_font_weight_tablet":"","ocean_menu_typo_font_weight_mobile":"","ocean_menu_typo_transform":"","ocean_menu_typo_transform_tablet":"","ocean_menu_typo_transform_mobile":"","ocean_menu_typo_line_height":0,"ocean_menu_typo_line_height_tablet":0,"ocean_menu_typo_line_height_mobile":0,"ocean_menu_typo_line_height_unit":"","ocean_menu_typo_spacing":0,"ocean_menu_typo_spacing_tablet":0,"ocean_menu_typo_spacing_mobile":0,"ocean_menu_typo_spacing_unit":"","ocean_menu_link_color":"","ocean_menu_link_color_hover":"","ocean_menu_link_color_active":"","ocean_menu_link_background":"","ocean_menu_link_hover_background":"","ocean_menu_link_active_background":"","ocean_menu_social_links_bg":"","ocean_menu_social_hover_links_bg":"","ocean_menu_social_links_color":"","ocean_menu_social_hover_links_color":"","ocean_disable_title":"default","ocean_disable_heading":"default","ocean_post_title":"","ocean_post_subheading":"","ocean_post_title_style":"","ocean_post_title_background_color":"","ocean_post_title_background":0,"ocean_post_title_bg_image_position":"","ocean_post_title_bg_image_attachment":"","ocean_post_title_bg_image_repeat":"","ocean_post_title_bg_image_size":"","ocean_post_title_height":0,"ocean_post_title_bg_overlay":0.5,"ocean_post_title_bg_overlay_color":"","ocean_disable_breadcrumbs":"default","ocean_breadcrumbs_color":"","ocean_breadcrumbs_separator_color":"","ocean_breadcrumbs_links_color":"","ocean_breadcrumbs_links_hover_color":"","ocean_display_footer_widgets":"default","ocean_display_footer_bottom":"default","ocean_custom_footer_template":"","footnotes":""},"class_list":["post-23","page","type-page","status-publish","hentry","entry"],"_links":{"self":[{"href":"https:\/\/jiujitsubresilienmulhouse68.fr\/index.php\/wp-json\/wp\/v2\/pages\/23","targetHints":{"allow":["GET"]}}],"collection":[{"href":"https:\/\/jiujitsubresilienmulhouse68.fr\/index.php\/wp-json\/wp\/v2\/pages"}],"about":[{"href":"https:\/\/jiujitsubresilienmulhouse68.fr\/index.php\/wp-json\/wp\/v2\/types\/page"}],"author":[{"embeddable":true,"href":"https:\/\/jiujitsubresilienmulhouse68.fr\/index.php\/wp-json\/wp\/v2\/users\/1"}],"replies":[{"embeddable":true,"href":"https:\/\/jiujitsubresilienmulhouse68.fr\/index.php\/wp-json\/wp\/v2\/comments?post=23"}],"version-history":[{"count":10,"href":"https:\/\/jiujitsubresilienmulhouse68.fr\/index.php\/wp-json\/wp\/v2\/pages\/23\/revisions"}],"predecessor-version":[{"id":575,"href":"https:\/\/jiujitsubresilienmulhouse68.fr\/index.php\/wp-json\/wp\/v2\/pages\/23\/revisions\/575"}],"wp:attachment":[{"href":"https:\/\/jiujitsubresilienmulhouse68.fr\/index.php\/wp-json\/wp\/v2\/media?parent=23"}],"curies":[{"name":"wp","href":"https:\/\/api.w.org\/{rel}","templated":true}]}}